{"id":21932,"date":"2024-11-08T01:00:36","date_gmt":"2024-11-08T00:00:36","guid":{"rendered":"https:\/\/matchdaydesign.com\/privacy-policy\/"},"modified":"2025-02-18T02:56:37","modified_gmt":"2025-02-18T01:56:37","slug":"privacy-policy","status":"publish","type":"page","link":"https:\/\/matchdaydesign.com\/pt-pt\/privacy-policy\/","title":{"rendered":"Privacy Policy"},"content":{"rendered":"\t\t<div data-elementor-type=\"wp-page\" data-elementor-id=\"21932\" class=\"elementor elementor-21932 elementor-3\" data-elementor-post-type=\"page\">\n\t\t\t\t<div class=\"elementor-element elementor-element-7ffe751b e-flex e-con-boxed e-con e-parent\" data-id=\"7ffe751b\" data-element_type=\"container\">\n\t\t\t\t\t<div class=\"e-con-inner\">\n\t\t\t\t<div class=\"elementor-element elementor-element-62935fe elementor-widget elementor-widget-text-editor\" data-id=\"62935fe\" data-element_type=\"widget\" data-widget_type=\"text-editor.default\">\n\t\t\t\t<div class=\"elementor-widget-container\">\n\t\t\t\t\t\t\t\t\t<div class=\"flex-shrink-0 flex flex-col relative items-end\"><div class=\"pt-0\"><div class=\"gizmo-bot-avatar flex h-8 w-8 items-center justify-center overflow-hidden rounded-full\"><h3 class=\"relative p-1 rounded-sm flex items-center justify-center bg-token-main-surface-primary text-token-text-primary h-8 w-8\"><strong>Pol\u00edtica de Privacidade e cookies<\/strong><\/h3><\/div><\/div><\/div><div class=\"group\/conversation-turn relative flex w-full min-w-0 flex-col agent-turn\"><div class=\"flex-col gap-1 md:gap-3\"><div class=\"flex max-w-full flex-col flex-grow\"><div class=\"min-h-8 text-message flex w-full flex-col items-end gap-2 whitespace-normal break-words text-start [.text-message+&amp;]:mt-5\" dir=\"auto\" data-message-author-role=\"assistant\" data-message-id=\"d6ece308-8cd3-45f0-a369-56997177993a\" data-message-model-slug=\"gpt-4o\"><div class=\"flex w-full flex-col gap-1 empty:hidden first:pt-[3px]\"><div class=\"markdown prose w-full break-words dark:prose-invert light\"><div class=\"flex max-w-full flex-col flex-grow\"><div class=\"min-h-8 text-message flex w-full flex-col items-end gap-2 whitespace-normal break-words text-start [.text-message+&amp;]:mt-5\" dir=\"auto\" data-message-author-role=\"assistant\" data-message-id=\"39afd06c-1b73-4991-8f57-859e04014259\" data-message-model-slug=\"o1\"><div class=\"flex w-full flex-col gap-1 empty:hidden first:pt-[3px]\"><div class=\"markdown prose w-full break-words dark:prose-invert light\"><p>A Viscreative Lda, com sede em Rua Dom Francisco Alexandre Lobo, n\u00ba 35, 1\u00ba Dto, 3500-071 Viseu, \u00e9 a entidade respons\u00e1vel pelo website <a href=\"http:\/\/www.matchdaydesign.com\" target=\"_new\" rel=\"noopener\">www.matchdaydesign.com<\/a> e pelos servi\u00e7os nele disponibilizados, sendo, por conseguinte, respons\u00e1vel pela recolha, processamento e utiliza\u00e7\u00e3o dos seus dados pessoais e pela conformidade do tratamento desses dados com a legisla\u00e7\u00e3o de prote\u00e7\u00e3o de dados aplic\u00e1vel.<\/p><p>Para quest\u00f5es relacionadas com prote\u00e7\u00e3o de dados, pode contactar-nos atrav\u00e9s do endere\u00e7o de e-mail: <a rel=\"noopener\">info@viscreative.pt<\/a>.<\/p><h3>Recolha de Dados de Acesso<\/h3><p>O prestador recolhe dados sempre que h\u00e1 um acesso \u00e0 sua oferta online (os chamados \u201cficheiros de registo do servidor\u201d). Entre os dados de acesso incluem-se o nome da p\u00e1gina web consultada, o ficheiro acedido, a data e hora do acesso, a quantidade de dados transferidos, a notifica\u00e7\u00e3o de acesso bem-sucedido, o tipo de browser e a respetiva vers\u00e3o, o sistema operativo do utilizador, a URL de refer\u00eancia (a p\u00e1gina visitada anteriormente), o endere\u00e7o de IP e o fornecedor de servi\u00e7os que solicita o acesso.<\/p><p>O prestador utiliza estes dados de registo \u2013 em conformidade com as disposi\u00e7\u00f5es legais e sem associar estes dados \u00e0 pessoa do utilizador ou criar perfis \u2013 exclusivamente para avalia\u00e7\u00f5es estat\u00edsticas com o objetivo de operar, garantir a seguran\u00e7a e otimizar a oferta online. No entanto, o prestador reserva-se o direito de verificar posteriormente estes dados de registo, caso existam ind\u00edcios concretos que apontem para uma utiliza\u00e7\u00e3o il\u00edcita.<\/p><h3>Recolha e Utiliza\u00e7\u00e3o de Dados Pessoais<\/h3><p>Dados pessoais s\u00f3 s\u00e3o recolhidos e utilizados pelo prestador quando tal seja permitido por lei ou quando o utilizador autorize expressamente essa recolha. Regra geral, os utilizadores conseguem identificar quais os dados que est\u00e3o a ser armazenados durante a utiliza\u00e7\u00e3o do servi\u00e7o (por exemplo, nome, endere\u00e7o de e-mail e mensagem aquando da utiliza\u00e7\u00e3o do formul\u00e1rio de encomenda).<\/p><p>Os dados pessoais fornecidos para efeitos de encomenda de produtos (tais como nome, endere\u00e7o de e-mail, morada, dados de pagamento) s\u00e3o utilizados pelo vendedor para cumprir e executar o contrato. Estes dados s\u00e3o tratados de forma confidencial, transmitidos de forma encriptada e n\u00e3o s\u00e3o partilhados com terceiros que n\u00e3o participem diretamente no processo de encomenda, entrega e pagamento.<\/p><p>Quando o utilizador entra em contacto com o prestador (por formul\u00e1rio de contacto ou e-mail), as informa\u00e7\u00f5es fornecidas s\u00e3o armazenadas para efeitos de processamento do pedido e para o caso de surgirem quest\u00f5es adicionais.<\/p><p>O prestador implementou medidas de seguran\u00e7a de natureza organizacional, contratual e t\u00e9cnica para garantir o cumprimento das disposi\u00e7\u00f5es legais em mat\u00e9ria de prote\u00e7\u00e3o de dados e para evitar manipula\u00e7\u00f5es, perdas, destrui\u00e7\u00e3o ou acessos n\u00e3o autorizados (de forma acidental ou intencional) aos dados.<\/p><h3>Transfer\u00eancia de Dados a Terceiros<\/h3><p>Os dados dos utilizadores s\u00f3 ser\u00e3o partilhados com terceiros quando tal for permitido por lei ou quando o utilizador tiver dado o seu consentimento.<br \/>Isso pode ocorrer, por exemplo, se a transmiss\u00e3o dos dados for necess\u00e1ria para cumprir obriga\u00e7\u00f5es contratuais para com o utilizador, como enviar a morada a uma transportadora ap\u00f3s uma encomenda na loja. Ou ainda se for requerida a divulga\u00e7\u00e3o de dados por autoridades competentes (como autoridades judiciais).<\/p><p>Os dados pessoais dos utilizadores n\u00e3o s\u00e3o em caso algum vendidos ou partilhados com terceiros para fins publicit\u00e1rios ou para cria\u00e7\u00e3o de perfis de utilizador.<\/p><h3>Cookies<\/h3><p>Utilizamos cookies para lhe proporcionar uma experi\u00eancia agrad\u00e1vel durante a sua navega\u00e7\u00e3o nos nossos sites. Os cookies que utilizamos ajudam-nos a otimizar o website, a facilitar a navega\u00e7\u00e3o e, de uma forma geral, a aumentar o grau de usabilidade.<br \/>Cookies s\u00e3o ficheiros de texto armazenados no disco r\u00edgido do utilizador quando este visita um site. Permitem reter informa\u00e7\u00f5es por um determinado per\u00edodo e identificar o computador do utilizador. Se aceitar os nossos cookies, estas informa\u00e7\u00f5es permanecem no seu computador, salvo se as eliminar manualmente. Pode, a qualquer momento, desativar a recolha e o armazenamento de dados atrav\u00e9s de cookies configurando o seu browser em conformidade.<\/p><h3>Envio de Informa\u00e7\u00f5es atrav\u00e9s de Newsletter<\/h3><p>Caso tenhamos obtido o seu endere\u00e7o de e-mail no \u00e2mbito da venda de um produto ou servi\u00e7o e n\u00e3o tenha manifestado oposi\u00e7\u00e3o, reservamo-nos o direito de lhe enviar regularmente por e-mail ofertas de produtos semelhantes aos que j\u00e1 adquiriu. Pode, em qualquer altura, opor-se a esta utiliza\u00e7\u00e3o do seu endere\u00e7o de e-mail atrav\u00e9s do link de cancelamento presente em cada e-mail promocional ou enviando uma mensagem para <a rel=\"noopener\">info@viscreative.pt<\/a>.<\/p><h3>Google Analytics<\/h3><p>O prestador utiliza o Google Analytics, um servi\u00e7o de an\u00e1lise web fornecido pela Google Inc. (\u201cGoogle\u201d). O Google Analytics recorre a \u201ccookies\u201d, ficheiros de texto armazenados no computador do utilizador, que possibilitam analisar a forma como o site \u00e9 utilizado. As informa\u00e7\u00f5es geradas pelos cookies sobre a utiliza\u00e7\u00e3o deste site s\u00e3o, em regra, enviadas para um servidor da Google nos EUA, onde s\u00e3o armazenadas.<\/p><p>Se a anonimiza\u00e7\u00e3o de IP estiver ativada neste website, o endere\u00e7o de IP do utilizador ser\u00e1 previamente encurtado pela Google em Estados-Membros da Uni\u00e3o Europeia ou noutros Estados signat\u00e1rios do Acordo sobre o Espa\u00e7o Econ\u00f3mico Europeu. Em casos excecionais, o endere\u00e7o de IP completo poder\u00e1 ser enviado para um servidor da Google nos EUA e a\u00ed encurtado. A anonimiza\u00e7\u00e3o de IP encontra-se ativa neste site. Em nome do operador deste website, a Google utilizar\u00e1 estas informa\u00e7\u00f5es para avaliar a utiliza\u00e7\u00e3o do website pelos utilizadores, elaborar relat\u00f3rios sobre as atividades do site e prestar outros servi\u00e7os relacionados com a utiliza\u00e7\u00e3o do website e da Internet ao operador do site.<\/p><p>O endere\u00e7o de IP transmitido pelo browser do utilizador no \u00e2mbito do Google Analytics n\u00e3o ser\u00e1 associado a outros dados da Google. O utilizador pode impedir o armazenamento de cookies configurando o seu browser em conformidade. No entanto, importa salientar que, nesse caso, poder\u00e1 n\u00e3o conseguir utilizar todas as funcionalidades deste site na sua totalidade. Al\u00e9m disso, o utilizador pode impedir a recolha dos dados gerados pelo cookie e relacionados com a utiliza\u00e7\u00e3o do website (incluindo o seu endere\u00e7o de IP), bem como o tratamento desses dados pela Google, ao descarregar e instalar o plugin de browser dispon\u00edvel atrav\u00e9s do seguinte link: <a href=\"http:\/\/tools.google.com\/dlpage\/gaoptout?hl=de\" target=\"_new\" rel=\"noopener\">http:\/\/tools.google.com\/dlpage\/gaoptout?hl=de<\/a>.<\/p><h3>Utiliza\u00e7\u00e3o de Plugins Sociais do Facebook<\/h3><p>No \u00e2mbito desta oferta online, podem ser utilizados plugins (\u201cPlugins\u201d) da rede social facebook.com, gerida pela Facebook Inc., 1601 S. California Ave, Palo Alto, CA 94304, EUA (\u201cFacebook\u201d). Os plugins s\u00e3o identific\u00e1veis por um dos log\u00f3tipos do Facebook (um \u201cf\u201d branco num quadrado azul ou o \u00edcone do \u201cpolegar para cima\u201d) ou pela men\u00e7\u00e3o \u201cFacebook Social Plugin\u201d. A lista e o aspeto dos Facebook Social Plugins podem ser consultados em: <a href=\"https:\/\/developers.facebook.com\/docs\/plugins\/\" target=\"_new\" rel=\"noopener\">https:\/\/developers.facebook.com\/docs\/plugins\/<\/a>.<\/p><p>Quando um utilizador acede a uma p\u00e1gina deste site que contenha um plugin deste tipo, o seu browser estabelece uma liga\u00e7\u00e3o direta aos servidores do Facebook. O conte\u00fado do plugin \u00e9 transmitido diretamente do Facebook para o browser do utilizador e integrado na p\u00e1gina. Desta forma, o prestador n\u00e3o tem qualquer controlo sobre a extens\u00e3o dos dados que o Facebook recolhe atrav\u00e9s destes plugins, informando os utilizadores de acordo com o n\u00edvel de conhecimento de que disp\u00f5e:<br \/>Ao integrar os plugins, o Facebook \u00e9 informado de que um utilizador acedeu \u00e0 p\u00e1gina correspondente do nosso site. Se o utilizador tiver sess\u00e3o iniciada no Facebook, o Facebook pode associar a visita \u00e0 sua conta de Facebook. Se o utilizador interagir com os plugins, por exemplo ao clicar no bot\u00e3o \u201cGosto\u201d ou ao publicar um coment\u00e1rio, as informa\u00e7\u00f5es relevantes s\u00e3o enviadas diretamente do seu browser para o Facebook, onde ficam armazenadas. Mesmo que o utilizador n\u00e3o seja membro do Facebook, existe a possibilidade de o Facebook obter e armazenar o seu endere\u00e7o de IP. De acordo com o Facebook, na Alemanha apenas \u00e9 armazenado um endere\u00e7o de IP anonimizado.<\/p><p>Para mais informa\u00e7\u00f5es sobre a finalidade e o \u00e2mbito da recolha de dados e respetivo tratamento e utiliza\u00e7\u00e3o por parte do Facebook, bem como os direitos e defini\u00e7\u00f5es dispon\u00edveis para proteger a privacidade dos utilizadores, consulte a pol\u00edtica de privacidade do Facebook: <a href=\"https:\/\/www.facebook.com\/about\/privacy\/\" target=\"_new\" rel=\"noopener\">https:\/\/www.facebook.com\/about\/privacy\/<\/a>.<\/p><p>Se o utilizador for membro do Facebook e n\u00e3o pretender que o Facebook recolha dados sobre a sua atividade neste site e associe esses dados \u00e0s informa\u00e7\u00f5es de membro j\u00e1 armazenadas pelo Facebook, dever\u00e1 encerrar a sess\u00e3o do Facebook antes de visitar o nosso site e eliminar os cookies do Facebook no seu browser. Tamb\u00e9m \u00e9 poss\u00edvel bloquear os Facebook Social Plugins atrav\u00e9s de add-ons espec\u00edficos para o browser, como por exemplo o \u201cFacebook Blocker\u201d.<\/p><h3>Revoga\u00e7\u00e3o, Altera\u00e7\u00f5es, Corre\u00e7\u00f5es e Atualiza\u00e7\u00f5es<\/h3><p>O utilizador tem o direito de, a qualquer momento, exercer os seus direitos de prote\u00e7\u00e3o de dados, nomeadamente de obter informa\u00e7\u00f5es sobre os seus dados pessoais armazenados, retificar ou completar esses dados, opor-se ao seu tratamento ou solicitar a sua elimina\u00e7\u00e3o. As informa\u00e7\u00f5es de contacto encontram-se indicadas acima. Reservamo-nos o direito de estabelecer contacto por via eletr\u00f3nica (em especial por e-mail) para dar seguimento a estes pedidos. Os dados de contacto podem ser consultados igualmente no impressum do prestador.<\/p><h3>Altera\u00e7\u00f5es \u00e0 Declara\u00e7\u00e3o de Prote\u00e7\u00e3o de Dados<\/h3><p>O prestador reserva-se o direito de alterar a presente Declara\u00e7\u00e3o de Prote\u00e7\u00e3o de Dados, a fim de a adaptar a eventuais altera\u00e7\u00f5es legislativas ou modifica\u00e7\u00f5es do servi\u00e7o, bem como do tratamento de dados.<\/p><\/div><\/div><\/div><\/div><\/div><\/div><\/div><\/div><\/div><\/div>\t\t\t\t\t\t\t\t<\/div>\n\t\t\t\t<\/div>\n\t\t\t\t\t<\/div>\n\t\t\t\t<\/div>\n\t\t\t\t<\/div>\n\t\t","protected":false},"excerpt":{"rendered":"<p>Pol\u00edtica de Privacidade e cookies A Viscreative Lda, com sede em Rua Dom Francisco Alexandre Lobo, n\u00ba 35, 1\u00ba Dto, 3500-071 Viseu, \u00e9 a entidade respons\u00e1vel pelo website www.matchdaydesign.com e pelos servi\u00e7os nele disponibilizados, sendo, por conseguinte, respons\u00e1vel pela recolha, processamento e utiliza\u00e7\u00e3o dos seus dados pessoais e pela conformidade do tratamento desses dados com [&hellip;]<\/p>\n","protected":false},"author":1,"featured_media":0,"parent":0,"menu_order":0,"comment_status":"closed","ping_status":"closed","template":"","meta":{"footnotes":""},"class_list":["post-21932","page","type-page","status-publish","hentry"],"yoast_head":"<!-- This site is optimized with the Yoast SEO plugin v24.8.1 - https:\/\/yoast.com\/wordpress\/plugins\/seo\/ -->\n<title>Privacy Policy - Match Day Design<\/title>\n<meta name=\"robots\" content=\"noindex, nofollow\" \/>\n<meta property=\"og:locale\" content=\"pt_PT\" \/>\n<meta property=\"og:type\" content=\"article\" \/>\n<meta property=\"og:title\" content=\"Privacy Policy - Match Day Design\" \/>\n<meta property=\"og:description\" content=\"Pol\u00edtica de Privacidade e cookies A Viscreative Lda, com sede em Rua Dom Francisco Alexandre Lobo, n\u00ba 35, 1\u00ba Dto, 3500-071 Viseu, \u00e9 a entidade respons\u00e1vel pelo website www.matchdaydesign.com e pelos servi\u00e7os nele disponibilizados, sendo, por conseguinte, respons\u00e1vel pela recolha, processamento e utiliza\u00e7\u00e3o dos seus dados pessoais e pela conformidade do tratamento desses dados com [&hellip;]\" \/>\n<meta property=\"og:url\" content=\"https:\/\/matchdaydesign.com\/pt-pt\/privacy-policy\/\" \/>\n<meta property=\"og:site_name\" content=\"Match Day Design\" \/>\n<meta property=\"article:modified_time\" content=\"2025-02-18T01:56:37+00:00\" \/>\n<meta name=\"twitter:card\" content=\"summary_large_image\" \/>\n<meta name=\"twitter:label1\" content=\"Tempo estimado de leitura\" \/>\n\t<meta name=\"twitter:data1\" content=\"9 minutos\" \/>\n<script type=\"application\/ld+json\" class=\"yoast-schema-graph\">{\"@context\":\"https:\/\/schema.org\",\"@graph\":[{\"@type\":\"WebPage\",\"@id\":\"https:\/\/matchdaydesign.com\/pt-pt\/privacy-policy\/\",\"url\":\"https:\/\/matchdaydesign.com\/pt-pt\/privacy-policy\/\",\"name\":\"Privacy Policy - Match Day Design\",\"isPartOf\":{\"@id\":\"https:\/\/matchdaydesign.com\/pt-pt\/#website\"},\"datePublished\":\"2024-11-08T00:00:36+00:00\",\"dateModified\":\"2025-02-18T01:56:37+00:00\",\"breadcrumb\":{\"@id\":\"https:\/\/matchdaydesign.com\/pt-pt\/privacy-policy\/#breadcrumb\"},\"inLanguage\":\"pt-PT\",\"potentialAction\":[{\"@type\":\"ReadAction\",\"target\":[\"https:\/\/matchdaydesign.com\/pt-pt\/privacy-policy\/\"]}]},{\"@type\":\"BreadcrumbList\",\"@id\":\"https:\/\/matchdaydesign.com\/pt-pt\/privacy-policy\/#breadcrumb\",\"itemListElement\":[{\"@type\":\"ListItem\",\"position\":1,\"name\":\"Startseite\",\"item\":\"https:\/\/matchdaydesign.com\/pt-pt\/\"},{\"@type\":\"ListItem\",\"position\":2,\"name\":\"Privacy Policy\"}]},{\"@type\":\"WebSite\",\"@id\":\"https:\/\/matchdaydesign.com\/pt-pt\/#website\",\"url\":\"https:\/\/matchdaydesign.com\/pt-pt\/\",\"name\":\"Match Day Design\",\"description\":\"Match Day Design Poster\",\"publisher\":{\"@id\":\"https:\/\/matchdaydesign.com\/pt-pt\/#organization\"},\"potentialAction\":[{\"@type\":\"SearchAction\",\"target\":{\"@type\":\"EntryPoint\",\"urlTemplate\":\"https:\/\/matchdaydesign.com\/pt-pt\/?s={search_term_string}\"},\"query-input\":{\"@type\":\"PropertyValueSpecification\",\"valueRequired\":true,\"valueName\":\"search_term_string\"}}],\"inLanguage\":\"pt-PT\"},{\"@type\":\"Organization\",\"@id\":\"https:\/\/matchdaydesign.com\/pt-pt\/#organization\",\"name\":\"Matchday Design\",\"alternateName\":\"Matchdaydesign.com\",\"url\":\"https:\/\/matchdaydesign.com\/pt-pt\/\",\"logo\":{\"@type\":\"ImageObject\",\"inLanguage\":\"pt-PT\",\"@id\":\"https:\/\/matchdaydesign.com\/pt-pt\/#\/schema\/logo\/image\/\",\"url\":\"https:\/\/matchdaydesign.com\/wp-content\/uploads\/2025\/03\/flavicon_matchdaydesign.com_.png\",\"contentUrl\":\"https:\/\/matchdaydesign.com\/wp-content\/uploads\/2025\/03\/flavicon_matchdaydesign.com_.png\",\"width\":144,\"height\":144,\"caption\":\"Matchday Design\"},\"image\":{\"@id\":\"https:\/\/matchdaydesign.com\/pt-pt\/#\/schema\/logo\/image\/\"}}]}<\/script>\n<!-- \/ Yoast SEO plugin. -->","yoast_head_json":{"title":"Privacy Policy - Match Day Design","robots":{"index":"noindex","follow":"nofollow"},"og_locale":"pt_PT","og_type":"article","og_title":"Privacy Policy - Match Day Design","og_description":"Pol\u00edtica de Privacidade e cookies A Viscreative Lda, com sede em Rua Dom Francisco Alexandre Lobo, n\u00ba 35, 1\u00ba Dto, 3500-071 Viseu, \u00e9 a entidade respons\u00e1vel pelo website www.matchdaydesign.com e pelos servi\u00e7os nele disponibilizados, sendo, por conseguinte, respons\u00e1vel pela recolha, processamento e utiliza\u00e7\u00e3o dos seus dados pessoais e pela conformidade do tratamento desses dados com [&hellip;]","og_url":"https:\/\/matchdaydesign.com\/pt-pt\/privacy-policy\/","og_site_name":"Match Day Design","article_modified_time":"2025-02-18T01:56:37+00:00","twitter_card":"summary_large_image","twitter_misc":{"Tempo estimado de leitura":"9 minutos"},"schema":{"@context":"https:\/\/schema.org","@graph":[{"@type":"WebPage","@id":"https:\/\/matchdaydesign.com\/pt-pt\/privacy-policy\/","url":"https:\/\/matchdaydesign.com\/pt-pt\/privacy-policy\/","name":"Privacy Policy - Match Day Design","isPartOf":{"@id":"https:\/\/matchdaydesign.com\/pt-pt\/#website"},"datePublished":"2024-11-08T00:00:36+00:00","dateModified":"2025-02-18T01:56:37+00:00","breadcrumb":{"@id":"https:\/\/matchdaydesign.com\/pt-pt\/privacy-policy\/#breadcrumb"},"inLanguage":"pt-PT","potentialAction":[{"@type":"ReadAction","target":["https:\/\/matchdaydesign.com\/pt-pt\/privacy-policy\/"]}]},{"@type":"BreadcrumbList","@id":"https:\/\/matchdaydesign.com\/pt-pt\/privacy-policy\/#breadcrumb","itemListElement":[{"@type":"ListItem","position":1,"name":"Startseite","item":"https:\/\/matchdaydesign.com\/pt-pt\/"},{"@type":"ListItem","position":2,"name":"Privacy Policy"}]},{"@type":"WebSite","@id":"https:\/\/matchdaydesign.com\/pt-pt\/#website","url":"https:\/\/matchdaydesign.com\/pt-pt\/","name":"Match Day Design","description":"Match Day Design Poster","publisher":{"@id":"https:\/\/matchdaydesign.com\/pt-pt\/#organization"},"potentialAction":[{"@type":"SearchAction","target":{"@type":"EntryPoint","urlTemplate":"https:\/\/matchdaydesign.com\/pt-pt\/?s={search_term_string}"},"query-input":{"@type":"PropertyValueSpecification","valueRequired":true,"valueName":"search_term_string"}}],"inLanguage":"pt-PT"},{"@type":"Organization","@id":"https:\/\/matchdaydesign.com\/pt-pt\/#organization","name":"Matchday Design","alternateName":"Matchdaydesign.com","url":"https:\/\/matchdaydesign.com\/pt-pt\/","logo":{"@type":"ImageObject","inLanguage":"pt-PT","@id":"https:\/\/matchdaydesign.com\/pt-pt\/#\/schema\/logo\/image\/","url":"https:\/\/matchdaydesign.com\/wp-content\/uploads\/2025\/03\/flavicon_matchdaydesign.com_.png","contentUrl":"https:\/\/matchdaydesign.com\/wp-content\/uploads\/2025\/03\/flavicon_matchdaydesign.com_.png","width":144,"height":144,"caption":"Matchday Design"},"image":{"@id":"https:\/\/matchdaydesign.com\/pt-pt\/#\/schema\/logo\/image\/"}}]}},"_links":{"self":[{"href":"https:\/\/matchdaydesign.com\/pt-pt\/wp-json\/wp\/v2\/pages\/21932","targetHints":{"allow":["GET"]}}],"collection":[{"href":"https:\/\/matchdaydesign.com\/pt-pt\/wp-json\/wp\/v2\/pages"}],"about":[{"href":"https:\/\/matchdaydesign.com\/pt-pt\/wp-json\/wp\/v2\/types\/page"}],"author":[{"embeddable":true,"href":"https:\/\/matchdaydesign.com\/pt-pt\/wp-json\/wp\/v2\/users\/1"}],"replies":[{"embeddable":true,"href":"https:\/\/matchdaydesign.com\/pt-pt\/wp-json\/wp\/v2\/comments?post=21932"}],"version-history":[{"count":6,"href":"https:\/\/matchdaydesign.com\/pt-pt\/wp-json\/wp\/v2\/pages\/21932\/revisions"}],"predecessor-version":[{"id":21945,"href":"https:\/\/matchdaydesign.com\/pt-pt\/wp-json\/wp\/v2\/pages\/21932\/revisions\/21945"}],"wp:attachment":[{"href":"https:\/\/matchdaydesign.com\/pt-pt\/wp-json\/wp\/v2\/media?parent=21932"}],"curies":[{"name":"wp","href":"https:\/\/api.w.org\/{rel}","templated":true}]}}