{"id":20874,"date":"2025-01-08T22:29:12","date_gmt":"2025-01-08T21:29:12","guid":{"rendered":"https:\/\/matchdaydesign.com\/product\/matchday-design-basic-11\/"},"modified":"2025-01-27T11:33:33","modified_gmt":"2025-01-27T10:33:33","slug":"matchday-design-basic-11","status":"publish","type":"product","link":"https:\/\/matchdaydesign.com\/pt-pt\/produto\/matchday-design-basic-11\/","title":{"rendered":"Matchday Design Basic &#8211; 11"},"content":{"rendered":"\t\t<div data-elementor-type=\"wp-post\" data-elementor-id=\"20874\" class=\"elementor elementor-20874 elementor-19180\" data-elementor-post-type=\"product\">\n\t\t\t\t<div class=\"elementor-element elementor-element-e70e2f1 e-flex e-con-boxed e-con e-parent\" data-id=\"e70e2f1\" data-element_type=\"container\">\n\t\t\t\t\t<div class=\"e-con-inner\">\n\t\t<div class=\"elementor-element elementor-element-c6bb39e e-con-full e-flex e-con e-child\" data-id=\"c6bb39e\" data-element_type=\"container\">\n\t\t\t\t<div class=\"elementor-element elementor-element-6bf23c9 elementor-widget elementor-widget-haru-heading\" data-id=\"6bf23c9\" data-element_type=\"widget\" data-widget_type=\"haru-heading.default\">\n\t\t\t\t<div class=\"elementor-widget-container\">\n\t\t\t\t\t<h2 class=\"haru-heading-title haru-heading-title--single-heading-1\">N\u00d3S CRIAMOS O TEU DESIGN EXCLUSIVO<\/h2>\t\t\t\t<\/div>\n\t\t\t\t<\/div>\n\t\t\t\t<div class=\"elementor-element elementor-element-4ab279c elementor-widget elementor-widget-text-editor\" data-id=\"4ab279c\" data-element_type=\"widget\" data-widget_type=\"text-editor.default\">\n\t\t\t\t<div class=\"elementor-widget-container\">\n\t\t\t\t\t\t\t\t\t<p>Os nossos desenhos de futebol de alta qualidade s\u00e3o utilizados por jogadores profissionais de todo o mundo. Oferecemos-te desenhos personalizados que n\u00e3o s\u00f3 s\u00e3o \u00fanicos, como tamb\u00e9m impressionam pela sua elevada qualidade e rapidez de entrega.\u00a0<\/p>\t\t\t\t\t\t\t\t<\/div>\n\t\t\t\t<\/div>\n\t\t\t\t<\/div>\n\t\t<div class=\"elementor-element elementor-element-30e8b02 e-con-full e-flex e-con e-child\" data-id=\"30e8b02\" data-element_type=\"container\">\n\t\t\t\t<div class=\"elementor-element elementor-element-42a35e7 elementor-widget elementor-widget-haru-heading\" data-id=\"42a35e7\" data-element_type=\"widget\" data-widget_type=\"haru-heading.default\">\n\t\t\t\t<div class=\"elementor-widget-container\">\n\t\t\t\t\t<h2 class=\"haru-heading-title haru-heading-title--single-heading-1\">QUALIDADE QUE FAZ A DIFEREN\u00c7A<\/h2>\t\t\t\t<\/div>\n\t\t\t\t<\/div>\n\t\t\t\t<div class=\"elementor-element elementor-element-61c6ea2 elementor-widget elementor-widget-text-editor\" data-id=\"61c6ea2\" data-element_type=\"widget\" data-widget_type=\"text-editor.default\">\n\t\t\t\t<div class=\"elementor-widget-container\">\n\t\t\t\t\t\t\t\t\t<p>Os nossos designs s\u00e3o criados por uma equipa de top designers, que t\u00eam experi\u00eancia em trabalhar com futebolistas mundialmente conhecidos.\u00a0A nossa prioridade \u00e9 oferecer designs de qualidade excepcional, que se destacam pelo pormenor e pela personaliza\u00e7\u00e3o \u00fanica.\u00a0<\/p>\t\t\t\t\t\t\t\t<\/div>\n\t\t\t\t<\/div>\n\t\t\t\t<\/div>\n\t\t<div class=\"elementor-element elementor-element-fb52192 e-con-full e-flex e-con e-child\" data-id=\"fb52192\" data-element_type=\"container\">\n\t\t\t\t<div class=\"elementor-element elementor-element-214ee9a elementor-widget elementor-widget-haru-heading\" data-id=\"214ee9a\" data-element_type=\"widget\" data-widget_type=\"haru-heading.default\">\n\t\t\t\t<div class=\"elementor-widget-container\">\n\t\t\t\t\t<h2 class=\"haru-heading-title haru-heading-title--single-heading-1\">COMO FUNCIONA:<\/h2>\t\t\t\t<\/div>\n\t\t\t\t<\/div>\n\t\t\t\t<div class=\"elementor-element elementor-element-18baef8 elementor-widget elementor-widget-text-editor\" data-id=\"18baef8\" data-element_type=\"widget\" data-widget_type=\"text-editor.default\">\n\t\t\t\t<div class=\"elementor-widget-container\">\n\t\t\t\t\t\t\t\t\t<p>Preenche o formul\u00e1rio acima e carrega as tuas imagens, adiciona o texto que quiseres, as tuas cores preferidas e quaisquer outros elementos que desejes, por exemplo, um fundo de est\u00e1dio ou o log\u00f3tipo de um clube. O teu design profissional ser\u00e1 entregue em apenas 48 \u2013 72 horas.<\/p>\t\t\t\t\t\t\t\t<\/div>\n\t\t\t\t<\/div>\n\t\t\t\t<\/div>\n\t\t\t\t\t<\/div>\n\t\t\t\t<\/div>\n\t\t\t\t<\/div>\n\t\t","protected":false},"excerpt":{"rendered":"<p data-pm-slice=\"0 0 []\">Mit unseren Designs wirst du nicht nur deine Freunde und Follower auf Instagram beeindrucken, sondern auch die Blicke von Trainern, Scouts und Agenten auf dich ziehen. De certeza que n\u00e3o te faltar\u00e3o gostos e coment\u00e1rios.<\/p>\n<p>\u27a1\ufe0f Der Prozess ist super einfach: Lade deine Bilder hoch, f\u00fcge den gew\u00fcnschten Text, deine Lieblingsfarben und alle weiteren Elemente hinzu, die du dir w\u00fcnschst z.B. ein Stadionhintergrund oder das Logo deines Vereins. Podes escolher se queres o teu design para uma hist\u00f3ria do Instagram ou para o feed do Instagram &#8211; ambos os formatos s\u00e3o poss\u00edveis.<\/p>\n<p>\u27a1\ufe0f Preenche o formul\u00e1rio agora e recebe o teu design perfeito em apenas 48 a 72 horas!<\/p>\n","protected":false},"featured_media":20311,"comment_status":"open","ping_status":"closed","template":"","meta":[],"product_brand":[],"product_cat":[73],"product_tag":[],"giftcard-category":[],"class_list":{"0":"post-20874","1":"product","2":"type-product","3":"status-publish","4":"has-post-thumbnail","6":"product_cat-desenhos-de-futebol","8":"first","9":"instock","10":"sold-individually","11":"taxable","12":"shipping-taxable","13":"purchasable","14":"product-type-variable"},"yoast_head":"<!-- This site is optimized with the Yoast SEO plugin v24.8.1 - https:\/\/yoast.com\/wordpress\/plugins\/seo\/ -->\n<title>Design Matchday e Dia de Jogo - Personaliza\u00e7\u00e3o Design Esportivo<\/title>\n<meta name=\"description\" content=\"Designs de Matchday para Redes Sociais \u2013 Personaliza\u00e7\u00e3o total das imagens feita pelos melhores designers. Cria o teu Design de Dia de Jogo Personalizado.\" \/>\n<meta name=\"robots\" content=\"index, follow, max-snippet:-1, max-image-preview:large, max-video-preview:-1\" \/>\n<link rel=\"canonical\" href=\"https:\/\/matchdaydesign.com\/pt-pt\/produto\/matchday-design-basic-11\/\" \/>\n<meta property=\"og:locale\" content=\"pt_PT\" \/>\n<meta property=\"og:type\" content=\"article\" \/>\n<meta property=\"og:title\" content=\"Design Matchday e Dia de Jogo - Personaliza\u00e7\u00e3o Design Esportivo\" \/>\n<meta property=\"og:description\" content=\"Designs de Matchday para Redes Sociais \u2013 Personaliza\u00e7\u00e3o total das imagens feita pelos melhores designers. Cria o teu Design de Dia de Jogo Personalizado.\" \/>\n<meta property=\"og:url\" content=\"https:\/\/matchdaydesign.com\/pt-pt\/produto\/matchday-design-basic-11\/\" \/>\n<meta property=\"og:site_name\" content=\"Match Day Design\" \/>\n<meta property=\"article:modified_time\" content=\"2025-01-27T10:33:33+00:00\" \/>\n<meta property=\"og:image\" content=\"https:\/\/matchdaydesign.com\/wp-content\/uploads\/2025\/01\/soccerdesign_preview11.jpg\" \/>\n\t<meta property=\"og:image:width\" content=\"900\" \/>\n\t<meta property=\"og:image:height\" content=\"900\" \/>\n\t<meta property=\"og:image:type\" content=\"image\/jpeg\" \/>\n<meta name=\"twitter:card\" content=\"summary_large_image\" \/>\n<meta name=\"twitter:label1\" content=\"Tempo estimado de leitura\" \/>\n\t<meta name=\"twitter:data1\" content=\"1 minuto\" \/>\n<script type=\"application\/ld+json\" class=\"yoast-schema-graph\">{\"@context\":\"https:\/\/schema.org\",\"@graph\":[{\"@type\":\"WebPage\",\"@id\":\"https:\/\/matchdaydesign.com\/pt-pt\/produto\/matchday-design-basic-11\/\",\"url\":\"https:\/\/matchdaydesign.com\/pt-pt\/produto\/matchday-design-basic-11\/\",\"name\":\"Design Matchday e Dia de Jogo - Personaliza\u00e7\u00e3o Design Esportivo\",\"isPartOf\":{\"@id\":\"https:\/\/matchdaydesign.com\/pt-pt\/#website\"},\"primaryImageOfPage\":{\"@id\":\"https:\/\/matchdaydesign.com\/pt-pt\/produto\/matchday-design-basic-11\/#primaryimage\"},\"image\":{\"@id\":\"https:\/\/matchdaydesign.com\/pt-pt\/produto\/matchday-design-basic-11\/#primaryimage\"},\"thumbnailUrl\":\"https:\/\/matchdaydesign.com\/wp-content\/uploads\/2025\/01\/soccerdesign_preview11.jpg\",\"datePublished\":\"2025-01-08T21:29:12+00:00\",\"dateModified\":\"2025-01-27T10:33:33+00:00\",\"description\":\"Designs de Matchday para Redes Sociais \u2013 Personaliza\u00e7\u00e3o total das imagens feita pelos melhores designers. Cria o teu Design de Dia de Jogo Personalizado.\",\"breadcrumb\":{\"@id\":\"https:\/\/matchdaydesign.com\/pt-pt\/produto\/matchday-design-basic-11\/#breadcrumb\"},\"inLanguage\":\"pt-PT\",\"potentialAction\":[{\"@type\":\"ReadAction\",\"target\":[\"https:\/\/matchdaydesign.com\/pt-pt\/produto\/matchday-design-basic-11\/\"]}]},{\"@type\":\"ImageObject\",\"inLanguage\":\"pt-PT\",\"@id\":\"https:\/\/matchdaydesign.com\/pt-pt\/produto\/matchday-design-basic-11\/#primaryimage\",\"url\":\"https:\/\/matchdaydesign.com\/wp-content\/uploads\/2025\/01\/soccerdesign_preview11.jpg\",\"contentUrl\":\"https:\/\/matchdaydesign.com\/wp-content\/uploads\/2025\/01\/soccerdesign_preview11.jpg\",\"width\":900,\"height\":900,\"caption\":\"Desenhos personalizados do dia do jogo - perfeitos para as redes sociais e hist\u00f3rias do Instagram\"},{\"@type\":\"BreadcrumbList\",\"@id\":\"https:\/\/matchdaydesign.com\/pt-pt\/produto\/matchday-design-basic-11\/#breadcrumb\",\"itemListElement\":[{\"@type\":\"ListItem\",\"position\":1,\"name\":\"Startseite\",\"item\":\"https:\/\/matchdaydesign.com\/pt-pt\/\"},{\"@type\":\"ListItem\",\"position\":2,\"name\":\"Shop\",\"item\":\"https:\/\/matchdaydesign.com\/pt-pt\/shop\/\"},{\"@type\":\"ListItem\",\"position\":3,\"name\":\"Matchday Design Basic &#8211; 11\"}]},{\"@type\":\"WebSite\",\"@id\":\"https:\/\/matchdaydesign.com\/pt-pt\/#website\",\"url\":\"https:\/\/matchdaydesign.com\/pt-pt\/\",\"name\":\"Match Day Design\",\"description\":\"Match Day Design Poster\",\"publisher\":{\"@id\":\"https:\/\/matchdaydesign.com\/pt-pt\/#organization\"},\"potentialAction\":[{\"@type\":\"SearchAction\",\"target\":{\"@type\":\"EntryPoint\",\"urlTemplate\":\"https:\/\/matchdaydesign.com\/pt-pt\/?s={search_term_string}\"},\"query-input\":{\"@type\":\"PropertyValueSpecification\",\"valueRequired\":true,\"valueName\":\"search_term_string\"}}],\"inLanguage\":\"pt-PT\"},{\"@type\":\"Organization\",\"@id\":\"https:\/\/matchdaydesign.com\/pt-pt\/#organization\",\"name\":\"Matchday Design\",\"alternateName\":\"Matchdaydesign.com\",\"url\":\"https:\/\/matchdaydesign.com\/pt-pt\/\",\"logo\":{\"@type\":\"ImageObject\",\"inLanguage\":\"pt-PT\",\"@id\":\"https:\/\/matchdaydesign.com\/pt-pt\/#\/schema\/logo\/image\/\",\"url\":\"https:\/\/matchdaydesign.com\/wp-content\/uploads\/2025\/03\/flavicon_matchdaydesign.com_.png\",\"contentUrl\":\"https:\/\/matchdaydesign.com\/wp-content\/uploads\/2025\/03\/flavicon_matchdaydesign.com_.png\",\"width\":144,\"height\":144,\"caption\":\"Matchday Design\"},\"image\":{\"@id\":\"https:\/\/matchdaydesign.com\/pt-pt\/#\/schema\/logo\/image\/\"}}]}<\/script>\n<!-- \/ Yoast SEO plugin. -->","yoast_head_json":{"title":"Design Matchday e Dia de Jogo - Personaliza\u00e7\u00e3o Design Esportivo","description":"Designs de Matchday para Redes Sociais \u2013 Personaliza\u00e7\u00e3o total das imagens feita pelos melhores designers. Cria o teu Design de Dia de Jogo Personalizado.","robots":{"index":"index","follow":"follow","max-snippet":"max-snippet:-1","max-image-preview":"max-image-preview:large","max-video-preview":"max-video-preview:-1"},"canonical":"https:\/\/matchdaydesign.com\/pt-pt\/produto\/matchday-design-basic-11\/","og_locale":"pt_PT","og_type":"article","og_title":"Design Matchday e Dia de Jogo - Personaliza\u00e7\u00e3o Design Esportivo","og_description":"Designs de Matchday para Redes Sociais \u2013 Personaliza\u00e7\u00e3o total das imagens feita pelos melhores designers. Cria o teu Design de Dia de Jogo Personalizado.","og_url":"https:\/\/matchdaydesign.com\/pt-pt\/produto\/matchday-design-basic-11\/","og_site_name":"Match Day Design","article_modified_time":"2025-01-27T10:33:33+00:00","og_image":[{"width":900,"height":900,"url":"https:\/\/matchdaydesign.com\/wp-content\/uploads\/2025\/01\/soccerdesign_preview11.jpg","type":"image\/jpeg"}],"twitter_card":"summary_large_image","twitter_misc":{"Tempo estimado de leitura":"1 minuto"},"schema":{"@context":"https:\/\/schema.org","@graph":[{"@type":"WebPage","@id":"https:\/\/matchdaydesign.com\/pt-pt\/produto\/matchday-design-basic-11\/","url":"https:\/\/matchdaydesign.com\/pt-pt\/produto\/matchday-design-basic-11\/","name":"Design Matchday e Dia de Jogo - Personaliza\u00e7\u00e3o Design Esportivo","isPartOf":{"@id":"https:\/\/matchdaydesign.com\/pt-pt\/#website"},"primaryImageOfPage":{"@id":"https:\/\/matchdaydesign.com\/pt-pt\/produto\/matchday-design-basic-11\/#primaryimage"},"image":{"@id":"https:\/\/matchdaydesign.com\/pt-pt\/produto\/matchday-design-basic-11\/#primaryimage"},"thumbnailUrl":"https:\/\/matchdaydesign.com\/wp-content\/uploads\/2025\/01\/soccerdesign_preview11.jpg","datePublished":"2025-01-08T21:29:12+00:00","dateModified":"2025-01-27T10:33:33+00:00","description":"Designs de Matchday para Redes Sociais \u2013 Personaliza\u00e7\u00e3o total das imagens feita pelos melhores designers. Cria o teu Design de Dia de Jogo Personalizado.","breadcrumb":{"@id":"https:\/\/matchdaydesign.com\/pt-pt\/produto\/matchday-design-basic-11\/#breadcrumb"},"inLanguage":"pt-PT","potentialAction":[{"@type":"ReadAction","target":["https:\/\/matchdaydesign.com\/pt-pt\/produto\/matchday-design-basic-11\/"]}]},{"@type":"ImageObject","inLanguage":"pt-PT","@id":"https:\/\/matchdaydesign.com\/pt-pt\/produto\/matchday-design-basic-11\/#primaryimage","url":"https:\/\/matchdaydesign.com\/wp-content\/uploads\/2025\/01\/soccerdesign_preview11.jpg","contentUrl":"https:\/\/matchdaydesign.com\/wp-content\/uploads\/2025\/01\/soccerdesign_preview11.jpg","width":900,"height":900,"caption":"Desenhos personalizados do dia do jogo - perfeitos para as redes sociais e hist\u00f3rias do Instagram"},{"@type":"BreadcrumbList","@id":"https:\/\/matchdaydesign.com\/pt-pt\/produto\/matchday-design-basic-11\/#breadcrumb","itemListElement":[{"@type":"ListItem","position":1,"name":"Startseite","item":"https:\/\/matchdaydesign.com\/pt-pt\/"},{"@type":"ListItem","position":2,"name":"Shop","item":"https:\/\/matchdaydesign.com\/pt-pt\/shop\/"},{"@type":"ListItem","position":3,"name":"Matchday Design Basic &#8211; 11"}]},{"@type":"WebSite","@id":"https:\/\/matchdaydesign.com\/pt-pt\/#website","url":"https:\/\/matchdaydesign.com\/pt-pt\/","name":"Match Day Design","description":"Match Day Design Poster","publisher":{"@id":"https:\/\/matchdaydesign.com\/pt-pt\/#organization"},"potentialAction":[{"@type":"SearchAction","target":{"@type":"EntryPoint","urlTemplate":"https:\/\/matchdaydesign.com\/pt-pt\/?s={search_term_string}"},"query-input":{"@type":"PropertyValueSpecification","valueRequired":true,"valueName":"search_term_string"}}],"inLanguage":"pt-PT"},{"@type":"Organization","@id":"https:\/\/matchdaydesign.com\/pt-pt\/#organization","name":"Matchday Design","alternateName":"Matchdaydesign.com","url":"https:\/\/matchdaydesign.com\/pt-pt\/","logo":{"@type":"ImageObject","inLanguage":"pt-PT","@id":"https:\/\/matchdaydesign.com\/pt-pt\/#\/schema\/logo\/image\/","url":"https:\/\/matchdaydesign.com\/wp-content\/uploads\/2025\/03\/flavicon_matchdaydesign.com_.png","contentUrl":"https:\/\/matchdaydesign.com\/wp-content\/uploads\/2025\/03\/flavicon_matchdaydesign.com_.png","width":144,"height":144,"caption":"Matchday Design"},"image":{"@id":"https:\/\/matchdaydesign.com\/pt-pt\/#\/schema\/logo\/image\/"}}]}},"_links":{"self":[{"href":"https:\/\/matchdaydesign.com\/pt-pt\/wp-json\/wp\/v2\/product\/20874","targetHints":{"allow":["GET"]}}],"collection":[{"href":"https:\/\/matchdaydesign.com\/pt-pt\/wp-json\/wp\/v2\/product"}],"about":[{"href":"https:\/\/matchdaydesign.com\/pt-pt\/wp-json\/wp\/v2\/types\/product"}],"replies":[{"embeddable":true,"href":"https:\/\/matchdaydesign.com\/pt-pt\/wp-json\/wp\/v2\/comments?post=20874"}],"version-history":[{"count":5,"href":"https:\/\/matchdaydesign.com\/pt-pt\/wp-json\/wp\/v2\/product\/20874\/revisions"}],"predecessor-version":[{"id":21028,"href":"https:\/\/matchdaydesign.com\/pt-pt\/wp-json\/wp\/v2\/product\/20874\/revisions\/21028"}],"wp:featuredmedia":[{"embeddable":true,"href":"https:\/\/matchdaydesign.com\/pt-pt\/wp-json\/wp\/v2\/media\/20311"}],"wp:attachment":[{"href":"https:\/\/matchdaydesign.com\/pt-pt\/wp-json\/wp\/v2\/media?parent=20874"}],"wp:term":[{"taxonomy":"product_brand","embeddable":true,"href":"https:\/\/matchdaydesign.com\/pt-pt\/wp-json\/wp\/v2\/product_brand?post=20874"},{"taxonomy":"product_cat","embeddable":true,"href":"https:\/\/matchdaydesign.com\/pt-pt\/wp-json\/wp\/v2\/product_cat?post=20874"},{"taxonomy":"product_tag","embeddable":true,"href":"https:\/\/matchdaydesign.com\/pt-pt\/wp-json\/wp\/v2\/product_tag?post=20874"},{"taxonomy":"giftcard-category","embeddable":true,"href":"https:\/\/matchdaydesign.com\/pt-pt\/wp-json\/wp\/v2\/giftcard-category?post=20874"}],"curies":[{"name":"wp","href":"https:\/\/api.w.org\/{rel}","templated":true}]}}